{"id":16,"date":"2020-07-26T11:54:46","date_gmt":"2020-07-26T09:54:46","guid":{"rendered":"http:\/\/baltrad.fr\/gahemlalua\/?page_id=16"},"modified":"2022-07-08T10:00:51","modified_gmt":"2022-07-08T08:00:51","slug":"gahem-la-lua","status":"publish","type":"page","link":"http:\/\/baltrad.fr\/gahemlalua\/","title":{"rendered":"Gahem la lua"},"content":{"rendered":"<div id=\"pl-16\"  class=\"panel-layout\" ><div id=\"pg-16-0\"  class=\"panel-grid panel-no-style\" ><div id=\"pgc-16-0-0\"  class=\"panel-grid-cell\" ><div id=\"panel-16-0-0-0\" class=\"so-panel widget widget_sow-editor panel-first-child panel-last-child\" data-index=\"0\" ><div\n\t\t\t\n\t\t\tclass=\"so-widget-sow-editor so-widget-sow-editor-base\"\n\t\t\t\n\t\t><h3 class=\"widget-title\">Gahem la lua<\/h3>\n<div class=\"siteorigin-widget-tinymce textwidget\">\n\t<p>D\u2019horizons M\u00e9diterran\u00e9ens, Nord-Am\u00e9ricains, Gascons et Pyr\u00e9n\u00e9ens, ces quatre femmes sont r\u00e9solues \u00e0 jouer une musique \u00e9clectique sur les charpentes des danses traditionnelles imm\u00e9moriales. Ces quatre musiciennes ont d\u00e9j\u00e0 parcouru des sc\u00e8nes diverses : elles se rejoignent maintenant pour une nouvelle cr\u00e9ation \u00e0 quatre qui r\u00e9unit les musiques actuelles avec la musique traditionnelle. Accord\u00e9on diatonique, violon, fl\u00fbte et tambourin, guitare acoustique, basse \u00e9lectrique, et voix en polyphonie ; autant de force pour animer les pistes de bal trad et revendiquer la place de la femme et du vivre-ensemble dans ce monde.<\/p>\n<\/div>\n<\/div><\/div><\/div><div id=\"pgc-16-0-1\"  class=\"panel-grid-cell\" ><\/div><\/div><div id=\"pg-16-1\"  class=\"panel-grid panel-no-style\" ><div id=\"pgc-16-1-0\"  class=\"panel-grid-cell\" ><div id=\"panel-16-1-0-0\" class=\"so-panel widget widget_sow-editor panel-first-child panel-last-child\" data-index=\"2\" ><div\n\t\t\t\n\t\t\tclass=\"so-widget-sow-editor so-widget-sow-editor-base\"\n\t\t\t\n\t\t><h3 class=\"widget-title\">Dates<\/h3>\n<div class=\"siteorigin-widget-tinymce textwidget\">\n\t<ul>\n<li>D 10\/07\/22 : f\u00eate priv\u00e9e<\/li>\n<\/ul>\n<\/div>\n<\/div><\/div><\/div><div id=\"pgc-16-1-1\"  class=\"panel-grid-cell\" ><div id=\"panel-16-1-1-0\" class=\"so-panel widget widget_media_image panel-first-child panel-last-child\" data-index=\"3\" ><h3 class=\"widget-title\">Photos et vid\u00e9os<\/h3><a href=\"http:\/\/baltrad.fr\/gahemlalua\/galerie\/\"><img width=\"300\" height=\"200\" src=\"http:\/\/baltrad.fr\/gahemlalua\/wp-content\/uploads\/2020\/07\/gahemphoto-300x200.jpg\" class=\"image wp-image-28  attachment-medium size-medium\" alt=\"Gahem la lua\" decoding=\"async\" loading=\"lazy\" style=\"max-width: 100%; height: auto;\" title=\"Photos et vid\u00e9os\" srcset=\"http:\/\/baltrad.fr\/gahemlalua\/wp-content\/uploads\/2020\/07\/gahemphoto-300x200.jpg 300w, http:\/\/baltrad.fr\/gahemlalua\/wp-content\/uploads\/2020\/07\/gahemphoto-1024x683.jpg 1024w, http:\/\/baltrad.fr\/gahemlalua\/wp-content\/uploads\/2020\/07\/gahemphoto-768x512.jpg 768w, http:\/\/baltrad.fr\/gahemlalua\/wp-content\/uploads\/2020\/07\/gahemphoto-1536x1024.jpg 1536w, http:\/\/baltrad.fr\/gahemlalua\/wp-content\/uploads\/2020\/07\/gahemphoto-2048x1365.jpg 2048w, http:\/\/baltrad.fr\/gahemlalua\/wp-content\/uploads\/2020\/07\/gahemphoto-272x182.jpg 272w\" sizes=\"(max-width: 300px) 100vw, 300px\" \/><\/a><\/div><\/div><div id=\"pgc-16-1-2\"  class=\"panel-grid-cell\" ><div id=\"panel-16-1-2-0\" class=\"so-panel widget widget_sow-editor panel-first-child panel-last-child\" data-index=\"4\" ><div\n\t\t\t\n\t\t\tclass=\"so-widget-sow-editor so-widget-sow-editor-base\"\n\t\t\t\n\t\t><h3 class=\"widget-title\">\u00c9couter<\/h3>\n<div class=\"siteorigin-widget-tinymce textwidget\">\n\t<\/div>\n<\/div><\/div><\/div><\/div><\/div>","protected":false},"excerpt":{"rendered":"<p>D\u2019horizons M\u00e9diterran\u00e9ens, Nord-Am\u00e9ricains, Gascons et Pyr\u00e9n\u00e9ens, ces quatre femmes sont r\u00e9solues \u00e0 jouer une musique \u00e9clectique sur les charpentes des danses traditionnelles imm\u00e9moriales. Ces quatre musiciennes ont d\u00e9j\u00e0 parcouru des sc\u00e8nes diverses : elles se rejoignent maintenant pour une nouvelle cr\u00e9ation \u00e0 quatre qui r\u00e9unit les musiques actuelles avec la musique traditionnelle. Accord\u00e9on diatonique, violon, [&hellip;]<\/p>\n","protected":false},"author":1,"featured_media":0,"parent":0,"menu_order":0,"comment_status":"closed","ping_status":"closed","template":"page-templates\/full-width-page.php","meta":[],"_links":{"self":[{"href":"http:\/\/baltrad.fr\/gahemlalua\/wp-json\/wp\/v2\/pages\/16"}],"collection":[{"href":"http:\/\/baltrad.fr\/gahemlalua\/wp-json\/wp\/v2\/pages"}],"about":[{"href":"http:\/\/baltrad.fr\/gahemlalua\/wp-json\/wp\/v2\/types\/page"}],"author":[{"embeddable":true,"href":"http:\/\/baltrad.fr\/gahemlalua\/wp-json\/wp\/v2\/users\/1"}],"replies":[{"embeddable":true,"href":"http:\/\/baltrad.fr\/gahemlalua\/wp-json\/wp\/v2\/comments?post=16"}],"version-history":[{"count":41,"href":"http:\/\/baltrad.fr\/gahemlalua\/wp-json\/wp\/v2\/pages\/16\/revisions"}],"predecessor-version":[{"id":200,"href":"http:\/\/baltrad.fr\/gahemlalua\/wp-json\/wp\/v2\/pages\/16\/revisions\/200"}],"wp:attachment":[{"href":"http:\/\/baltrad.fr\/gahemlalua\/wp-json\/wp\/v2\/media?parent=16"}],"curies":[{"name":"wp","href":"https:\/\/api.w.org\/{rel}","templated":true}]}}