{"id":39,"date":"2020-07-26T15:26:07","date_gmt":"2020-07-26T13:26:07","guid":{"rendered":"http:\/\/baltrad.fr\/gahemlalua\/?page_id=39"},"modified":"2022-07-08T10:00:28","modified_gmt":"2022-07-08T08:00:28","slug":"agenda","status":"publish","type":"page","link":"http:\/\/baltrad.fr\/gahemlalua\/agenda\/","title":{"rendered":"Agenda"},"content":{"rendered":"<div id=\"pl-39\"  class=\"panel-layout\" ><div id=\"pg-39-0\"  class=\"panel-grid panel-no-style\" ><div id=\"pgc-39-0-0\"  class=\"panel-grid-cell\" ><div id=\"panel-39-0-0-0\" class=\"so-panel widget widget_sow-editor panel-first-child\" data-index=\"0\" ><div\n\t\t\t\n\t\t\tclass=\"so-widget-sow-editor so-widget-sow-editor-base\"\n\t\t\t\n\t\t><h3 class=\"widget-title\">Dates \u00e0 venir<\/h3>\n<div class=\"siteorigin-widget-tinymce textwidget\">\n\t<ul>\n<li>D 10\/07\/22 : f\u00eate priv\u00e9e<\/li>\n<\/ul>\n<\/div>\n<\/div><\/div><div id=\"panel-39-0-0-1\" class=\"so-panel widget widget_sow-editor panel-last-child\" data-index=\"1\" ><div\n\t\t\t\n\t\t\tclass=\"so-widget-sow-editor so-widget-sow-editor-base\"\n\t\t\t\n\t\t><h3 class=\"widget-title\">Dates pass\u00e9es<\/h3>\n<div class=\"siteorigin-widget-tinymce textwidget\">\n\t<ul>\n<li>19\/11\/21 - Orthez (64)<\/li>\n<li>08\/10\/21 - Garlin (64)<\/li>\n<li>25\/08\/21 - Laruns (64)<\/li>\n<li><del>24\/08\/21 - Oloron-Ste-Marie (64)<\/del> ANNUL\u00c9<\/li>\n<li>18\/07\/21 - Accous (64)<\/li>\n<li>16\/07\/21 - Pau (64) : Aquiu<\/li>\n<li>27\/06\/21 - Pau (64) : Halles<\/li>\n<li><del>08\/11\/20 - Pau : Halles <a href=\"https:\/\/www.facebook.com\/events\/647451789525057\/?acontext=%7B%22event_action_history%22%3A[%7B%22extra_data%22%3A%22[]%22%2C%22mechanism%22%3A%22main_list%22%2C%22surface%22%3A%22main_list%22%7D%2C%7B%22extra_data%22%3A%22[]%22%2C%22mechanism%22%3A%22surface%22%2C%22surface%22%3A%22create_dialog%22%7D]%2C%22source%22%3A%225%22%7D\" target=\"_blank\" rel=\"noopener noreferrer\">+<\/a><\/del> ANNUL\u00c9<\/li>\n<li>06\/03\/20 - Pau : cin\u00e9ma Le M\u00e9li\u00e8s<\/li>\n<\/ul>\n<\/div>\n<\/div><\/div><\/div><div id=\"pgc-39-0-1\"  class=\"panel-grid-cell\" ><div id=\"panel-39-0-1-0\" class=\"so-panel widget widget_media_image panel-first-child panel-last-child\" data-index=\"2\" ><img width=\"1600\" height=\"1200\" src=\"http:\/\/baltrad.fr\/gahemlalua\/wp-content\/uploads\/2020\/07\/gahemlaluapose.jpg\" class=\"image wp-image-97  attachment-full size-full\" alt=\"Gahem la lua\" decoding=\"async\" loading=\"lazy\" style=\"max-width: 100%; height: auto;\" srcset=\"http:\/\/baltrad.fr\/gahemlalua\/wp-content\/uploads\/2020\/07\/gahemlaluapose.jpg 1600w, http:\/\/baltrad.fr\/gahemlalua\/wp-content\/uploads\/2020\/07\/gahemlaluapose-300x225.jpg 300w, http:\/\/baltrad.fr\/gahemlalua\/wp-content\/uploads\/2020\/07\/gahemlaluapose-1024x768.jpg 1024w, http:\/\/baltrad.fr\/gahemlalua\/wp-content\/uploads\/2020\/07\/gahemlaluapose-768x576.jpg 768w, http:\/\/baltrad.fr\/gahemlalua\/wp-content\/uploads\/2020\/07\/gahemlaluapose-1536x1152.jpg 1536w\" sizes=\"(max-width: 1600px) 100vw, 1600px\" \/><\/div><\/div><\/div><\/div>","protected":false},"excerpt":{"rendered":"<p>D 10\/07\/22 : f\u00eate priv\u00e9e 19\/11\/21 &#8211; Orthez (64) 08\/10\/21 &#8211; Garlin (64) 25\/08\/21 &#8211; Laruns (64) 24\/08\/21 &#8211; Oloron-Ste-Marie (64) ANNUL\u00c9 18\/07\/21 &#8211; Accous (64) 16\/07\/21 &#8211; Pau (64) : Aquiu 27\/06\/21 &#8211; Pau (64) : Halles 08\/11\/20 &#8211; Pau : Halles + ANNUL\u00c9 06\/03\/20 &#8211; Pau : cin\u00e9ma Le M\u00e9li\u00e8s<\/p>\n","protected":false},"author":1,"featured_media":0,"parent":0,"menu_order":0,"comment_status":"closed","ping_status":"closed","template":"page-templates\/full-width-page.php","meta":[],"_links":{"self":[{"href":"http:\/\/baltrad.fr\/gahemlalua\/wp-json\/wp\/v2\/pages\/39"}],"collection":[{"href":"http:\/\/baltrad.fr\/gahemlalua\/wp-json\/wp\/v2\/pages"}],"about":[{"href":"http:\/\/baltrad.fr\/gahemlalua\/wp-json\/wp\/v2\/types\/page"}],"author":[{"embeddable":true,"href":"http:\/\/baltrad.fr\/gahemlalua\/wp-json\/wp\/v2\/users\/1"}],"replies":[{"embeddable":true,"href":"http:\/\/baltrad.fr\/gahemlalua\/wp-json\/wp\/v2\/comments?post=39"}],"version-history":[{"count":33,"href":"http:\/\/baltrad.fr\/gahemlalua\/wp-json\/wp\/v2\/pages\/39\/revisions"}],"predecessor-version":[{"id":198,"href":"http:\/\/baltrad.fr\/gahemlalua\/wp-json\/wp\/v2\/pages\/39\/revisions\/198"}],"wp:attachment":[{"href":"http:\/\/baltrad.fr\/gahemlalua\/wp-json\/wp\/v2\/media?parent=39"}],"curies":[{"name":"wp","href":"https:\/\/api.w.org\/{rel}","templated":true}]}}