{"id":43,"date":"2020-07-26T15:31:05","date_gmt":"2020-07-26T13:31:05","guid":{"rendered":"http:\/\/baltrad.fr\/gahemlalua\/?page_id=43"},"modified":"2020-07-26T15:32:44","modified_gmt":"2020-07-26T13:32:44","slug":"ecouter","status":"publish","type":"page","link":"http:\/\/baltrad.fr\/gahemlalua\/ecouter\/","title":{"rendered":"Ecouter"},"content":{"rendered":"<div id=\"pl-43\"  class=\"panel-layout\" ><div id=\"pg-43-0\"  class=\"panel-grid panel-no-style\" ><div id=\"pgc-43-0-0\"  class=\"panel-grid-cell panel-grid-cell-empty panel-grid-cell-mobile-last\" ><\/div><div id=\"pgc-43-0-1\"  class=\"panel-grid-cell panel-grid-cell-empty\" ><\/div><\/div><div id=\"pg-43-1\"  class=\"panel-grid panel-no-style\" ><div id=\"pgc-43-1-0\"  class=\"panel-grid-cell\" ><div id=\"panel-43-1-0-0\" class=\"so-panel widget widget_sow-editor panel-first-child panel-last-child\" data-index=\"0\" ><div\n\t\t\t\n\t\t\tclass=\"so-widget-sow-editor so-widget-sow-editor-base\"\n\t\t\t\n\t\t><h3 class=\"widget-title\">Paroles et traductions<\/h3>\n<div class=\"siteorigin-widget-tinymce textwidget\">\n\t<\/div>\n<\/div><\/div><\/div><\/div><div id=\"pg-43-2\"  class=\"panel-grid panel-no-style\" ><div id=\"pgc-43-2-0\"  class=\"panel-grid-cell\" ><div id=\"panel-43-2-0-0\" class=\"so-panel widget widget_sow-editor panel-first-child panel-last-child\" data-index=\"1\" ><div\n\t\t\t\n\t\t\tclass=\"so-widget-sow-editor so-widget-sow-editor-base\"\n\t\t\t\n\t\t><h3 class=\"widget-title\">Lhevem-nos !<\/h3>\n<div class=\"siteorigin-widget-tinymce textwidget\">\n\t<div class=\"siteorigin-widget-tinymce textwidget\">\n<p>Embarradas dens lors presons<br \/>\nConhidas de mila dolors<br \/>\nQue trucan, trucan las parets<br \/>\nMes lors punhs son tr\u00f2p menudets<\/p>\n<p>Lor s\u00f2rt qu'ei estat decidit<br \/>\nAu moment deu lor prum\u00e8r crit<br \/>\nVadudas hilhas, pas gar\u00e7ons<br \/>\nLors vitas ser\u00e0n lors presons<\/p>\n<p>Las velar\u00e0n, las for\u00e7ar\u00e0n<br \/>\nLas privar\u00e0n, las vener\u00e0n<br \/>\nQue coneisher\u00e0n l'excision<br \/>\nLa servitud, l'umiliacion<\/p>\n<p>Hilh\u00f2tas, hemnas, si'ns lhevam<br \/>\nLas g\u00e0bias las abateram<br \/>\nHaram c\u00e0der v\u00f2stes borr\u00e8us<br \/>\nEscopiram suus lors tomb\u00e8us<\/p>\n<\/div>\n<\/div>\n<\/div><\/div><\/div><div id=\"pgc-43-2-1\"  class=\"panel-grid-cell panel-grid-cell-mobile-last\" ><div id=\"panel-43-2-1-0\" class=\"so-panel widget widget_sow-editor panel-first-child panel-last-child\" data-index=\"2\" ><div\n\t\t\t\n\t\t\tclass=\"so-widget-sow-editor so-widget-sow-editor-base\"\n\t\t\t\n\t\t><h3 class=\"widget-title\">Levons-nous !<\/h3>\n<div class=\"siteorigin-widget-tinymce textwidget\">\n\t<div class=\"siteorigin-widget-tinymce textwidget\">\n<h4><\/h4>\n<p>Enferm\u00e9es dans leurs prisons<br \/>\nPercluses de mille douleurs<br \/>\nElles frappent, frappent les parois<br \/>\nMais leurs poings sont trop menus<\/p>\n<p>Leur sort a \u00e9t\u00e9 d\u00e9cid\u00e9<br \/>\nAu moment de leur premier cri<br \/>\nN\u00e9es filles, pas gar\u00e7ons<br \/>\nLeurs vies seront leurs prisons<\/p>\n<p>Ils les voileront, ils les forceront<br \/>\nIls les priveront ou ils les vendront<br \/>\nElles conna\u00eetront l'excision<br \/>\nLa servitude, l'humiliation<\/p>\n<p>Fillettes, femmes, si nous nous levons<br \/>\nLes cages, nous les abattrons<br \/>\nNous feront tomber vos bourreaux<br \/>\nNous cracherons sur leurs tombeaux<\/p>\n<\/div>\n<\/div>\n<\/div><\/div><\/div><div id=\"pgc-43-2-2\"  class=\"panel-grid-cell panel-grid-cell-empty\" ><\/div><\/div><\/div>","protected":false},"excerpt":{"rendered":"<p>Paroles et traductions Lhevem-nos ! Embarradas dens lors presons Conhidas de mila dolors Que trucan, trucan las parets Mes lors punhs son tr\u00f2p menudets Lor s\u00f2rt qu&rsquo;ei estat decidit Au moment deu lor prum\u00e8r crit Vadudas hilhas, pas gar\u00e7ons Lors vitas ser\u00e0n lors presons Las velar\u00e0n, las for\u00e7ar\u00e0n Las privar\u00e0n, las vener\u00e0n Que coneisher\u00e0n l&rsquo;excision [&hellip;]<\/p>\n","protected":false},"author":1,"featured_media":0,"parent":0,"menu_order":0,"comment_status":"closed","ping_status":"closed","template":"page-templates\/full-width-page.php","meta":[],"_links":{"self":[{"href":"http:\/\/baltrad.fr\/gahemlalua\/wp-json\/wp\/v2\/pages\/43"}],"collection":[{"href":"http:\/\/baltrad.fr\/gahemlalua\/wp-json\/wp\/v2\/pages"}],"about":[{"href":"http:\/\/baltrad.fr\/gahemlalua\/wp-json\/wp\/v2\/types\/page"}],"author":[{"embeddable":true,"href":"http:\/\/baltrad.fr\/gahemlalua\/wp-json\/wp\/v2\/users\/1"}],"replies":[{"embeddable":true,"href":"http:\/\/baltrad.fr\/gahemlalua\/wp-json\/wp\/v2\/comments?post=43"}],"version-history":[{"count":3,"href":"http:\/\/baltrad.fr\/gahemlalua\/wp-json\/wp\/v2\/pages\/43\/revisions"}],"predecessor-version":[{"id":47,"href":"http:\/\/baltrad.fr\/gahemlalua\/wp-json\/wp\/v2\/pages\/43\/revisions\/47"}],"wp:attachment":[{"href":"http:\/\/baltrad.fr\/gahemlalua\/wp-json\/wp\/v2\/media?parent=43"}],"curies":[{"name":"wp","href":"https:\/\/api.w.org\/{rel}","templated":true}]}}