{"id":293,"date":"2018-06-20T19:45:57","date_gmt":"2018-06-20T17:45:57","guid":{"rendered":"http:\/\/baltrad.fr\/licotissa\/?page_id=293"},"modified":"2023-06-02T10:54:19","modified_gmt":"2023-06-02T08:54:19","slug":"espacio-pro","status":"publish","type":"page","link":"http:\/\/baltrad.fr\/licotissa\/es\/espacio-pro\/","title":{"rendered":"Espacio pro"},"content":{"rendered":"<div id=\"pl-293\"  class=\"panel-layout\" ><div id=\"pg-293-0\"  class=\"panel-grid panel-no-style\" ><div id=\"pgc-293-0-0\"  class=\"panel-grid-cell\" ><div id=\"panel-293-0-0-0\" class=\"so-panel widget widget_sow-editor panel-first-child\" data-index=\"0\" ><div\n\t\t\t\n\t\t\tclass=\"so-widget-sow-editor so-widget-sow-editor-base\"\n\t\t\t\n\t\t><h3 class=\"widget-title\">Visual<\/h3>\n<div class=\"siteorigin-widget-tinymce textwidget\">\n\t<p><a href=\"http:\/\/baltrad.fr\/licotissa\/wp-content\/uploads\/2018\/06\/Licotissa_bleu_2.jpg\"><img decoding=\"async\" loading=\"lazy\" class=\"alignnone size-medium wp-image-76\" src=\"http:\/\/baltrad.fr\/licotissa\/wp-content\/uploads\/2018\/06\/Licotissa_bleu_2-300x300.jpg\" alt=\"\" width=\"300\" height=\"300\" srcset=\"http:\/\/baltrad.fr\/licotissa\/wp-content\/uploads\/2018\/06\/Licotissa_bleu_2-300x300.jpg 300w, http:\/\/baltrad.fr\/licotissa\/wp-content\/uploads\/2018\/06\/Licotissa_bleu_2-150x150.jpg 150w, http:\/\/baltrad.fr\/licotissa\/wp-content\/uploads\/2018\/06\/Licotissa_bleu_2-768x768.jpg 768w, http:\/\/baltrad.fr\/licotissa\/wp-content\/uploads\/2018\/06\/Licotissa_bleu_2-1024x1024.jpg 1024w, http:\/\/baltrad.fr\/licotissa\/wp-content\/uploads\/2018\/06\/Licotissa_bleu_2-650x650.jpg 650w, http:\/\/baltrad.fr\/licotissa\/wp-content\/uploads\/2018\/06\/Licotissa_bleu_2-350x350.jpg 350w, http:\/\/baltrad.fr\/licotissa\/wp-content\/uploads\/2018\/06\/Licotissa_bleu_2-90x90.jpg 90w, http:\/\/baltrad.fr\/licotissa\/wp-content\/uploads\/2018\/06\/Licotissa_bleu_2.jpg 1503w\" sizes=\"(max-width: 300px) 100vw, 300px\" \/><\/a><\/p>\n<\/div>\n<\/div><\/div><div id=\"panel-293-0-0-1\" class=\"so-panel widget widget_sow-button panel-last-child\" data-index=\"1\" ><div\n\t\t\t\n\t\t\tclass=\"so-widget-sow-button so-widget-sow-button-atom-a93ec8c754be-293\"\n\t\t\t\n\t\t><div class=\"ow-button-base ow-button-align-left\">\n\t<a href=\"http:\/\/baltrad.fr\/licotissa\/wp-content\/uploads\/2018\/06\/Licotissa_bleu_2.jpg\" class=\"ow-icon-placement-left ow-button-hover\" target=\"_blank\" rel=\"noopener noreferrer\" \t\t>\n\t\t<span>\n\t\t\t\n\t\t\tTelecargar\t\t<\/span>\n\t<\/a>\n<\/div>\n<\/div><\/div><\/div><div id=\"pgc-293-0-1\"  class=\"panel-grid-cell\" ><div id=\"panel-293-0-1-0\" class=\"so-panel widget widget_media_image panel-first-child\" data-index=\"2\" ><h3 class=\"widget-title\">Ficha t\u00e9cnica<\/h3><img class=\"image \" src=\"http:\/\/baltrad.fr\/licotissa\/wp-content\/uploads\/2021\/06\/Fiche_technique_Licotissa_MAJ2106-2-pdf-212x300.jpg\" alt=\"\" width=\"212\" height=\"300\" \/><\/div><div id=\"panel-293-0-1-1\" class=\"so-panel widget widget_sow-button panel-last-child\" data-index=\"3\" ><div\n\t\t\t\n\t\t\tclass=\"so-widget-sow-button so-widget-sow-button-atom-a93ec8c754be-293\"\n\t\t\t\n\t\t><div class=\"ow-button-base ow-button-align-left\">\n\t<a href=\"http:\/\/baltrad.fr\/licotissa\/wp-content\/uploads\/2023\/06\/Fiche_tech_Licotissa_MAJ221128.pdf\" class=\"ow-icon-placement-left ow-button-hover\" target=\"_blank\" rel=\"noopener noreferrer\" \t\t>\n\t\t<span>\n\t\t\t\n\t\t\tTelecargar\t\t<\/span>\n\t<\/a>\n<\/div>\n<\/div><\/div><\/div><div id=\"pgc-293-0-2\"  class=\"panel-grid-cell\" ><div id=\"panel-293-0-2-0\" class=\"so-panel widget widget_media_image panel-first-child\" data-index=\"4\" ><h3 class=\"widget-title\">Presentaci\u00f3n<\/h3><a href=\"http:\/\/baltrad.fr\/licotissa\/wp-content\/uploads\/2018\/06\/Licotissa_presentacion_es_A5.pdf\"><img width=\"212\" height=\"300\" src=\"http:\/\/baltrad.fr\/licotissa\/wp-content\/uploads\/2018\/06\/Licotissa_presentacion_es_A5-1-212x300.jpg\" class=\"image wp-image-344  attachment-medium size-medium\" alt=\"\" decoding=\"async\" loading=\"lazy\" style=\"max-width: 100%; height: auto;\" srcset=\"http:\/\/baltrad.fr\/licotissa\/wp-content\/uploads\/2018\/06\/Licotissa_presentacion_es_A5-1-212x300.jpg 212w, http:\/\/baltrad.fr\/licotissa\/wp-content\/uploads\/2018\/06\/Licotissa_presentacion_es_A5-1-768x1086.jpg 768w, http:\/\/baltrad.fr\/licotissa\/wp-content\/uploads\/2018\/06\/Licotissa_presentacion_es_A5-1-724x1024.jpg 724w, http:\/\/baltrad.fr\/licotissa\/wp-content\/uploads\/2018\/06\/Licotissa_presentacion_es_A5-1.jpg 1754w\" sizes=\"(max-width: 212px) 100vw, 212px\" \/><\/a><\/div><div id=\"panel-293-0-2-1\" class=\"so-panel widget widget_sow-button panel-last-child\" data-index=\"5\" ><div\n\t\t\t\n\t\t\tclass=\"so-widget-sow-button so-widget-sow-button-atom-a93ec8c754be-293\"\n\t\t\t\n\t\t><div class=\"ow-button-base ow-button-align-left\">\n\t<a href=\"http:\/\/baltrad.fr\/licotissa\/wp-content\/uploads\/2018\/06\/Licotissa_presentacion_es_A5.pdf\" class=\"ow-icon-placement-left ow-button-hover\" target=\"_blank\" rel=\"noopener noreferrer\" \t\t>\n\t\t<span>\n\t\t\t\n\t\t\tTelecargar\t\t<\/span>\n\t<\/a>\n<\/div>\n<\/div><\/div><\/div><\/div><div id=\"pg-293-1\"  class=\"panel-grid panel-no-style\" ><div id=\"pgc-293-1-0\"  class=\"panel-grid-cell\" ><div id=\"panel-293-1-0-0\" class=\"so-panel widget panel-first-child\" data-index=\"6\" ><\/div><div id=\"panel-293-1-0-1\" class=\"so-panel widget widget_sow-button panel-last-child\" data-index=\"7\" ><div\n\t\t\t\n\t\t\tclass=\"so-widget-sow-button so-widget-sow-button-atom-a93ec8c754be-293\"\n\t\t\t\n\t\t><div class=\"ow-button-base ow-button-align-left\">\n\t<a href=\"http:\/\/baltrad.fr\/licotissa\/wp-content\/uploads\/2022\/11\/PhotosATelecharger.zip\" class=\"ow-icon-placement-left ow-button-hover\" target=\"_blank\" rel=\"noopener noreferrer\" \t\t>\n\t\t<span>\n\t\t\t\n\t\t\tTelecargar\t\t<\/span>\n\t<\/a>\n<\/div>\n<\/div><\/div><\/div><div id=\"pgc-293-1-1\"  class=\"panel-grid-cell panel-grid-cell-empty\" ><\/div><div id=\"pgc-293-1-2\"  class=\"panel-grid-cell\" ><div id=\"panel-293-1-2-0\" class=\"so-panel widget widget_sow-editor panel-first-child\" data-index=\"8\" ><div\n\t\t\t\n\t\t\tclass=\"so-widget-sow-editor so-widget-sow-editor-base\"\n\t\t\t\n\t\t><h3 class=\"widget-title\">Otras preguntas<\/h3>\n<div class=\"siteorigin-widget-tinymce textwidget\">\n\t<p>El grupo <em>Licotissa<\/em> es ubicado en Pau (Francia, 64).<\/p>\n<p>Se desplaza por Francia o m\u00e1s all\u00e1.<\/p>\n<p>No duden en mandar un correo para m\u00e1s informaciones\u00a0.<\/p>\n<\/div>\n<\/div><\/div><div id=\"panel-293-1-2-1\" class=\"so-panel widget widget_sow-button panel-last-child\" data-index=\"9\" ><div\n\t\t\t\n\t\t\tclass=\"so-widget-sow-button so-widget-sow-button-atom-a93ec8c754be-293\"\n\t\t\t\n\t\t><div class=\"ow-button-base ow-button-align-left\">\n\t<a href=\"mailto:chifletisa@gmail.com,al.herbel@gmail.com?subject=Licotissa%20-%20Demande%20via%20site\" class=\"ow-icon-placement-left ow-button-hover\" target=\"_blank\" rel=\"noopener noreferrer\" \t\t>\n\t\t<span>\n\t\t\t\n\t\t\tMandar un correo\t\t<\/span>\n\t<\/a>\n<\/div>\n<\/div><\/div><\/div><\/div><\/div>","protected":false},"excerpt":{"rendered":"<p>El grupo Licotissa es ubicado en Pau (Francia, 64). Se desplaza por Francia o m\u00e1s all\u00e1. No duden en mandar un correo para m\u00e1s informaciones\u00a0.<\/p>\n","protected":false},"author":1,"featured_media":0,"parent":0,"menu_order":0,"comment_status":"closed","ping_status":"closed","template":"page-templates\/full-width-page.php","meta":[],"_links":{"self":[{"href":"http:\/\/baltrad.fr\/licotissa\/wp-json\/wp\/v2\/pages\/293"}],"collection":[{"href":"http:\/\/baltrad.fr\/licotissa\/wp-json\/wp\/v2\/pages"}],"about":[{"href":"http:\/\/baltrad.fr\/licotissa\/wp-json\/wp\/v2\/types\/page"}],"author":[{"embeddable":true,"href":"http:\/\/baltrad.fr\/licotissa\/wp-json\/wp\/v2\/users\/1"}],"replies":[{"embeddable":true,"href":"http:\/\/baltrad.fr\/licotissa\/wp-json\/wp\/v2\/comments?post=293"}],"version-history":[{"count":29,"href":"http:\/\/baltrad.fr\/licotissa\/wp-json\/wp\/v2\/pages\/293\/revisions"}],"predecessor-version":[{"id":1249,"href":"http:\/\/baltrad.fr\/licotissa\/wp-json\/wp\/v2\/pages\/293\/revisions\/1249"}],"wp:attachment":[{"href":"http:\/\/baltrad.fr\/licotissa\/wp-json\/wp\/v2\/media?parent=293"}],"curies":[{"name":"wp","href":"https:\/\/api.w.org\/{rel}","templated":true}]}}