{"id":209,"date":"2018-06-16T17:52:51","date_gmt":"2018-06-16T15:52:51","guid":{"rendered":"http:\/\/baltrad.fr\/licotissa\/?page_id=209"},"modified":"2023-01-07T16:18:49","modified_gmt":"2023-01-07T15:18:49","slug":"escotar","status":"publish","type":"page","link":"https:\/\/baltrad.fr\/licotissa\/oc\/escotar\/","title":{"rendered":"Escotar"},"content":{"rendered":"<div id=\"pl-209\"  class=\"panel-layout\" ><div id=\"pg-209-0\"  class=\"panel-grid panel-no-style\" ><div id=\"pgc-209-0-0\"  class=\"panel-grid-cell\" ><div id=\"panel-209-0-0-0\" class=\"so-panel widget widget_sow-editor panel-first-child\" data-index=\"0\" ><div\n\t\t\t\n\t\t\tclass=\"so-widget-sow-editor so-widget-sow-editor-base\"\n\t\t\t\n\t\t><h3 class=\"widget-title\">La Hont daurada : escotisha<\/h3>\n<div class=\"siteorigin-widget-tinymce textwidget\">\n\t<p><img decoding=\"async\" loading=\"lazy\" class=\"alignnone size-medium wp-image-100 aligncenter\" src=\"http:\/\/baltrad.fr\/licotissa\/wp-content\/uploads\/2018\/06\/mathildevalse-300x300.jpg\" alt=\"\" width=\"300\" height=\"300\" srcset=\"https:\/\/baltrad.fr\/licotissa\/wp-content\/uploads\/2018\/06\/mathildevalse-300x300.jpg 300w, https:\/\/baltrad.fr\/licotissa\/wp-content\/uploads\/2018\/06\/mathildevalse-150x150.jpg 150w, https:\/\/baltrad.fr\/licotissa\/wp-content\/uploads\/2018\/06\/mathildevalse-768x768.jpg 768w, https:\/\/baltrad.fr\/licotissa\/wp-content\/uploads\/2018\/06\/mathildevalse-650x650.jpg 650w, https:\/\/baltrad.fr\/licotissa\/wp-content\/uploads\/2018\/06\/mathildevalse-350x350.jpg 350w, https:\/\/baltrad.fr\/licotissa\/wp-content\/uploads\/2018\/06\/mathildevalse-90x90.jpg 90w, https:\/\/baltrad.fr\/licotissa\/wp-content\/uploads\/2018\/06\/mathildevalse.jpg 1000w\" sizes=\"(max-width: 300px) 100vw, 300px\" \/><\/p>\n<!--[if lt IE 9]><script>document.createElement('audio');<\/script><![endif]-->\n<audio class=\"wp-audio-shortcode\" id=\"audio-209-1\" preload=\"none\" style=\"width: 100%;\" controls=\"controls\"><source type=\"audio\/mpeg\" src=\"http:\/\/baltrad.fr\/licotissa\/wp-content\/uploads\/2020\/07\/Extrait_LaHontDaurada.mp3?_=1\" \/><a href=\"http:\/\/baltrad.fr\/licotissa\/wp-content\/uploads\/2020\/07\/Extrait_LaHontDaurada.mp3\">http:\/\/baltrad.fr\/licotissa\/wp-content\/uploads\/2020\/07\/Extrait_LaHontDaurada.mp3<\/a><\/audio>\n<p>Extr\u00e8it<\/p>\n<\/div>\n<\/div><\/div><div id=\"panel-209-0-0-1\" class=\"so-panel widget widget_sow-editor panel-last-child\" data-index=\"1\" ><div\n\t\t\t\n\t\t\tclass=\"so-widget-sow-editor so-widget-sow-editor-base\"\n\t\t\t\n\t\t><h3 class=\"widget-title\">Marmelada rubarba-gengibre : mazurka<\/h3>\n<div class=\"siteorigin-widget-tinymce textwidget\">\n\t<audio class=\"wp-audio-shortcode\" id=\"audio-209-2\" preload=\"none\" style=\"width: 100%;\" controls=\"controls\"><source type=\"audio\/mpeg\" src=\"http:\/\/baltrad.fr\/licotissa\/wp-content\/uploads\/2020\/07\/Extrait_Marmelada.mp3?_=2\" \/><a href=\"http:\/\/baltrad.fr\/licotissa\/wp-content\/uploads\/2020\/07\/Extrait_Marmelada.mp3\">http:\/\/baltrad.fr\/licotissa\/wp-content\/uploads\/2020\/07\/Extrait_Marmelada.mp3<\/a><\/audio>\n<p>Extrait<\/p>\n<\/div>\n<\/div><\/div><\/div><div id=\"pgc-209-0-1\"  class=\"panel-grid-cell\" ><div id=\"panel-209-0-1-0\" class=\"so-panel widget widget_sow-editor panel-first-child panel-last-child\" data-index=\"2\" ><div\n\t\t\t\n\t\t\tclass=\"so-widget-sow-editor so-widget-sow-editor-base\"\n\t\t\t\n\t\t><h3 class=\"widget-title\">Lhevem-nos ! - valsa<\/h3>\n<div class=\"siteorigin-widget-tinymce textwidget\">\n\t<p><img decoding=\"async\" loading=\"lazy\" class=\"alignnone size-medium wp-image-99 aligncenter\" src=\"http:\/\/baltrad.fr\/licotissa\/wp-content\/uploads\/2018\/06\/annelisegrimace-300x300.jpg\" alt=\"\" width=\"300\" height=\"300\" srcset=\"https:\/\/baltrad.fr\/licotissa\/wp-content\/uploads\/2018\/06\/annelisegrimace-300x300.jpg 300w, https:\/\/baltrad.fr\/licotissa\/wp-content\/uploads\/2018\/06\/annelisegrimace-150x150.jpg 150w, https:\/\/baltrad.fr\/licotissa\/wp-content\/uploads\/2018\/06\/annelisegrimace-768x768.jpg 768w, https:\/\/baltrad.fr\/licotissa\/wp-content\/uploads\/2018\/06\/annelisegrimace-650x650.jpg 650w, https:\/\/baltrad.fr\/licotissa\/wp-content\/uploads\/2018\/06\/annelisegrimace-350x350.jpg 350w, https:\/\/baltrad.fr\/licotissa\/wp-content\/uploads\/2018\/06\/annelisegrimace-90x90.jpg 90w, https:\/\/baltrad.fr\/licotissa\/wp-content\/uploads\/2018\/06\/annelisegrimace.jpg 1000w\" sizes=\"(max-width: 300px) 100vw, 300px\" \/><\/p>\n<audio class=\"wp-audio-shortcode\" id=\"audio-209-3\" preload=\"none\" style=\"width: 100%;\" controls=\"controls\"><source type=\"audio\/mpeg\" src=\"http:\/\/baltrad.fr\/licotissa\/wp-content\/uploads\/2020\/07\/Extrait_Lhevem-nos.mp3?_=3\" \/><a href=\"http:\/\/baltrad.fr\/licotissa\/wp-content\/uploads\/2020\/07\/Extrait_Lhevem-nos.mp3\">http:\/\/baltrad.fr\/licotissa\/wp-content\/uploads\/2020\/07\/Extrait_Lhevem-nos.mp3<\/a><\/audio>\n<p>Extr\u00e8it<\/p>\n<\/div>\n<\/div><\/div><\/div><\/div><div id=\"pg-209-1\"  class=\"panel-grid panel-no-style\" ><div id=\"pgc-209-1-0\"  class=\"panel-grid-cell\" ><div id=\"panel-209-1-0-0\" class=\"so-panel widget widget_sow-editor panel-first-child\" data-index=\"3\" ><div\n\t\t\t\n\t\t\tclass=\"so-widget-sow-editor so-widget-sow-editor-base\"\n\t\t\t\n\t\t><h3 class=\"widget-title\">Lhevem-nos ! - Paraulas<\/h3>\n<div class=\"siteorigin-widget-tinymce textwidget\">\n\t<h4>Lhevem-nos !<\/h4>\n<p><em>(Paraulas : Aure S\u00e9guier)<\/em><\/p>\n<p>Embarradas dens lors presons<br \/>\nConhidas de mila dolors<br \/>\nQue trucan, trucan las parets<br \/>\nMes lors punhs son tr\u00f2p menudets<\/p>\n<p>Lor s\u00f2rt qu'ei estat decidit<br \/>\nAu moment deu lor prum\u00e8r crit<br \/>\nVadudas hilhas, pas gar\u00e7ons<br \/>\nLors vitas ser\u00e0n lors presons<\/p>\n<p>Las velar\u00e0n, las for\u00e7ar\u00e0n<br \/>\nLas privar\u00e0n, las vener\u00e0n<br \/>\nQue coneisher\u00e0n l'excision<br \/>\nLa servitud, l'umiliacion<\/p>\n<p>Hilh\u00f2tas, hemnas, si'ns lhevam<br \/>\nLas g\u00e0bias las abateram<br \/>\nHaram c\u00e0der v\u00f2stes borr\u00e8us<br \/>\nEscopiram suus lors tomb\u00e8us<\/p>\n<\/div>\n<\/div><\/div><div id=\"panel-209-1-0-1\" class=\"so-panel widget widget_sow-editor panel-last-child\" data-index=\"4\" ><div\n\t\t\t\n\t\t\tclass=\"so-widget-sow-editor so-widget-sow-editor-base\"\n\t\t\t\n\t\t><h3 class=\"widget-title\">La hont daurada - Paraulas<\/h3>\n<div class=\"siteorigin-widget-tinymce textwidget\">\n\t<h4>La hont daurada<\/h4>\n<p><em>(Paraulas : Aure S\u00e9guier)<\/em><\/p>\n<p>Dens l'erm\u00e0s que caminavi<br \/>\nA l'arrai deu s\u00f3 hissant<br \/>\nQue sudavi, que'm cremavi<br \/>\nHerida peu sable brutlant.<\/p>\n<p>Mes que trob\u00e8i la hont daurada<br \/>\nLa qui nega la calor<br \/>\nSon aiga fresca com l'ahilada<br \/>\nQu'amort\u00ed l'escosentor.<\/p>\n<p>Dens l'erm\u00e0s que caminavi<br \/>\nDab lo silenci esvarjant<br \/>\nDab son pes que flaquejavi<br \/>\nAus aj\u00e8is, desesperant.<\/p>\n<p>Mes que trob\u00e8i la hont daurada<br \/>\nLa qui canta tot lo jorn<br \/>\nLa soa musica qui en\u00b7hada<br \/>\nQue vir\u00e8 la mia langor.<\/p>\n<p>Dens l'erm\u00e0s que caminavi,<br \/>\nSus un s\u00f2u cascantejant<br \/>\nEn serpejant, que'm lordejavi<br \/>\nD'un pipaut\u00e8r desgostant.<\/p>\n<p>Mes que trob\u00e8i la hont daurada<br \/>\nLa qui lava lo poison<br \/>\nDab la soa aiga espurada<br \/>\nQue'm torn\u00e8 la mia color.<\/p>\n<p>Dens l'erm\u00e0s que caminavi<br \/>\nSus un r\u00f2c dur e talhant<br \/>\nSus sos salhents que'm bla\u00e7avi<br \/>\nQue'n sagnavi en marchant.<\/p>\n<p>Mes que trob\u00e8i la hont daurada<br \/>\nLa qui suenha la dolor<br \/>\nLa soa aiga encantada<br \/>\nQue'm port\u00e8 la guarison.<\/p>\n<p>Jo qu'\u00e8i trobat la hont daurada<br \/>\nLa qui h\u00e8 chorrar l'amor<br \/>\nMon amna que s'i \u00e8i banhada<br \/>\nQu'i demorar\u00e0 totjorn.<\/p>\n<p>Jo qu'\u00e8i trobat la hont daurada<br \/>\nLa qui h\u00e8 chorrar l'amor<br \/>\nMon amna que s'i \u00e8i banhada<br \/>\nQu'i demorar\u00e0 totjorn.<\/p>\n<\/div>\n<\/div><\/div><\/div><div id=\"pgc-209-1-1\"  class=\"panel-grid-cell panel-grid-cell-mobile-last\" ><div id=\"panel-209-1-1-0\" class=\"so-panel widget widget_sow-editor panel-first-child\" data-index=\"5\" ><div\n\t\t\t\n\t\t\tclass=\"so-widget-sow-editor so-widget-sow-editor-base\"\n\t\t\t\n\t\t><h3 class=\"widget-title\">Lhevem-nos ! - Traduccion<\/h3>\n<div class=\"siteorigin-widget-tinymce textwidget\">\n\t<h4>Levons-nous !<\/h4>\n<p>&nbsp;<\/p>\n<p>Enferm\u00e9es dans leurs prisons<br \/>\nPercluses de mille douleurs<br \/>\nElles frappent, frappent les parois<br \/>\nMais leurs poings sont trop menus<\/p>\n<p>Leur sort a \u00e9t\u00e9 d\u00e9cid\u00e9<br \/>\nAu moment de leur premier cri<br \/>\nN\u00e9es filles, pas gar\u00e7ons<br \/>\nLeurs vies seront leurs prisons<\/p>\n<p>Ils les voileront, ils les forceront<br \/>\nIls les priveront ou ils les vendront<br \/>\nElles conna\u00eetront l'excision<br \/>\nLa servitude, l'humiliation<\/p>\n<p>Fillettes, femmes, si nous nous levons<br \/>\nLes cages, nous les abattrons<br \/>\nNous ferons tomber vos bourreaux<br \/>\nNous cracherons sur leurs tombeaux<\/p>\n<\/div>\n<\/div><\/div><div id=\"panel-209-1-1-1\" class=\"so-panel widget widget_sow-editor panel-last-child\" data-index=\"6\" ><div\n\t\t\t\n\t\t\tclass=\"so-widget-sow-editor so-widget-sow-editor-base\"\n\t\t\t\n\t\t><h3 class=\"widget-title\">La source dor\u00e9e - Traduccion<\/h3>\n<div class=\"siteorigin-widget-tinymce textwidget\">\n\t<h4>La source dor\u00e9e<\/h4>\n<p>&nbsp;<\/p>\n<p>Dans le d\u00e9sert je marchais<br \/>\nSous les rayons du soleil ardent<br \/>\nJe suais, je me br\u00fblais<br \/>\nBless\u00e9e par le sable br\u00fblant.<\/p>\n<p>Mais j'ai trouv\u00e9 la source dor\u00e9e<br \/>\nCelle qui noie la chaleur<br \/>\nSon eau fra\u00eeche comme la brise<br \/>\nA \u00e9teint la br\u00fblure.<br \/>\nDans le d\u00e9sert je marchais<br \/>\nAvec le silence effrayant<br \/>\nAvec son poids je faiblissais<br \/>\nD\u00e9sesp\u00e9r\u00e9e, d\u00e9sesp\u00e9rant.<\/p>\n<p>Mais j'ai trouv\u00e9 la source dor\u00e9e<br \/>\nCelle qui chante tout le jour<br \/>\nSa musique qui envo\u00fbte<br \/>\nA fait dispara\u00eetre ma langueur.<\/p>\n<p>Dans le d\u00e9sert je marchais<br \/>\nSur un sol salissant<br \/>\nEn rampant, je me souillais<br \/>\nD'une salet\u00e9 d\u00e9go\u00fbtante.<\/p>\n<p>Mais j'ai trouv\u00e9 la source dor\u00e9e<br \/>\nCelle qui lave le poison<br \/>\nAvec son eau \u00e9pur\u00e9e<br \/>\nJ'ai retrouv\u00e9 ma couleur.<\/p>\n<p>Dans le d\u00e9sert je marchais<br \/>\nSur un roc dur et taillant<br \/>\nSur ses saillies, je me blessais<br \/>\nJ'en saignais en marchant.<\/p>\n<p>Mais j'ai trouv\u00e9 la source dor\u00e9e<br \/>\nCelle qui soigne la douleur<br \/>\nSon eau enchant\u00e9e<br \/>\nM'a apport\u00e9 la gu\u00e9rison.<\/p>\n<p>Moi j'ai trouv\u00e9 la source dor\u00e9e<br \/>\nCelle qui fait couler l'amour<br \/>\nMon \u00e2me s'y est baign\u00e9e<br \/>\nElle y restera toujours.<\/p>\n<p>Moi j'ai trouv\u00e9 la source dor\u00e9e<br \/>\nCelle qui fait couler l'amour<br \/>\nMon \u00e2me s'y est baign\u00e9e<br \/>\nElle y restera toujours.<\/p>\n<\/div>\n<\/div><\/div><\/div><div id=\"pgc-209-1-2\"  class=\"panel-grid-cell panel-grid-cell-empty\" ><\/div><\/div><\/div>","protected":false},"excerpt":{"rendered":"<p>Extr\u00e8it Extrait Extr\u00e8it Lhevem-nos ! (Paraulas : Aure S\u00e9guier) Embarradas dens lors presons Conhidas de mila dolors Que trucan, trucan las parets Mes lors punhs son tr\u00f2p menudets Lor s\u00f2rt qu&rsquo;ei estat decidit Au moment deu lor prum\u00e8r crit Vadudas hilhas, pas gar\u00e7ons Lors vitas ser\u00e0n lors presons Las velar\u00e0n, las for\u00e7ar\u00e0n Las privar\u00e0n, las [&hellip;]<\/p>\n","protected":false},"author":1,"featured_media":0,"parent":0,"menu_order":0,"comment_status":"closed","ping_status":"closed","template":"page-templates\/full-width-page.php","meta":[],"_links":{"self":[{"href":"https:\/\/baltrad.fr\/licotissa\/wp-json\/wp\/v2\/pages\/209"}],"collection":[{"href":"https:\/\/baltrad.fr\/licotissa\/wp-json\/wp\/v2\/pages"}],"about":[{"href":"https:\/\/baltrad.fr\/licotissa\/wp-json\/wp\/v2\/types\/page"}],"author":[{"embeddable":true,"href":"https:\/\/baltrad.fr\/licotissa\/wp-json\/wp\/v2\/users\/1"}],"replies":[{"embeddable":true,"href":"https:\/\/baltrad.fr\/licotissa\/wp-json\/wp\/v2\/comments?post=209"}],"version-history":[{"count":19,"href":"https:\/\/baltrad.fr\/licotissa\/wp-json\/wp\/v2\/pages\/209\/revisions"}],"predecessor-version":[{"id":1168,"href":"https:\/\/baltrad.fr\/licotissa\/wp-json\/wp\/v2\/pages\/209\/revisions\/1168"}],"wp:attachment":[{"href":"https:\/\/baltrad.fr\/licotissa\/wp-json\/wp\/v2\/media?parent=209"}],"curies":[{"name":"wp","href":"https:\/\/api.w.org\/{rel}","templated":true}]}}