{"id":7,"date":"2018-06-07T20:20:49","date_gmt":"2018-06-07T18:20:49","guid":{"rendered":"http:\/\/baltrad.fr\/licotissa\/?page_id=7"},"modified":"2026-01-12T11:09:43","modified_gmt":"2026-01-12T10:09:43","slug":"licotissa-bal-gascon","status":"publish","type":"page","link":"https:\/\/baltrad.fr\/licotissa\/","title":{"rendered":"Licotissa &#8211; Bal gascon"},"content":{"rendered":"<div id=\"pl-7\"  class=\"panel-layout\" ><div id=\"pg-7-0\"  class=\"panel-grid panel-no-style\" ><div id=\"pgc-7-0-0\"  class=\"panel-grid-cell\" ><div id=\"panel-7-0-0-0\" class=\"so-panel widget widget_sow-editor panel-first-child\" data-index=\"0\" ><div\n\t\t\t\n\t\t\tclass=\"so-widget-sow-editor so-widget-sow-editor-base\"\n\t\t\t\n\t\t><h3 class=\"widget-title\">Licotissa<\/h3>\n<div class=\"siteorigin-widget-tinymce textwidget\">\n\t<p>Licotissa (gourmandise en gascon), c'est un duo ancr\u00e9 en terre gasconne dont le p\u00e9ch\u00e9 mignon est la musique \u00e0 danser. Avant tout friandes des diverses formes de rondeaux, Mathilde et Anne-Lise se d\u00e9lectent aussi volontiers d'autres danses, qu'elles soient de Gascogne ou d'ailleurs.<\/p>\n<p>En guise de friandises, elles vous feront partager leur r\u00e9pertoire alliant tradition et composition et vous pourrez danser jusqu'\u00e0 sati\u00e9t\u00e9 !<\/p>\n<\/div>\n<\/div><\/div><div id=\"panel-7-0-0-1\" class=\"so-panel widget widget_sow-editor panel-last-child\" data-index=\"1\" ><div\n\t\t\t\n\t\t\tclass=\"so-widget-sow-editor so-widget-sow-editor-base\"\n\t\t\t\n\t\t><h3 class=\"widget-title\">Amusa-papillas<\/h3>\n<div class=\"siteorigin-widget-tinymce textwidget\">\n\t<p><img decoding=\"async\" loading=\"lazy\" class=\"size-medium wp-image-1081 alignleft\" src=\"http:\/\/baltrad.fr\/licotissa\/wp-content\/uploads\/2021\/12\/amusapapillas-300x269.jpg\" alt=\"\" width=\"300\" height=\"269\" srcset=\"https:\/\/baltrad.fr\/licotissa\/wp-content\/uploads\/2021\/12\/amusapapillas-300x269.jpg 300w, https:\/\/baltrad.fr\/licotissa\/wp-content\/uploads\/2021\/12\/amusapapillas.jpg 563w\" sizes=\"(max-width: 300px) 100vw, 300px\" \/><\/p>\n<div class=\"woocommerce-product-details__short-description\">\n<p>Avec ce premier CD, Licotissa partage son amour pour les danses gasconnes \u00e0 travers des compositions ou des morceaux traditionnels arrang\u00e9s \u00e0 leur sauce. De chansons d\u2019amour en chants militants, de rondeaux en branles, Mathilde Duffau et Anne-Lise Herbel proposent dans \u00ab Amusa-papillas \u00bb un bal po\u00e9tique et puissant.<\/p>\n<\/div>\n<div class=\"wccpf-fields-container\"><\/div>\n<\/div>\n<\/div><\/div><\/div><div id=\"pgc-7-0-1\"  class=\"panel-grid-cell\" ><div id=\"panel-7-0-1-0\" class=\"so-panel widget widget_media_video panel-first-child panel-last-child\" data-index=\"2\" ><h3 class=\"widget-title\">Vid\u00e9o<\/h3><div style=\"width:100%;\" class=\"wp-video\"><!--[if lt IE 9]><script>document.createElement('video');<\/script><![endif]-->\n<video class=\"wp-video-shortcode\" id=\"video-7-1\" preload=\"metadata\" controls=\"controls\"><source type=\"video\/youtube\" src=\"https:\/\/www.youtube.com\/watch?v=gFnac2shZa8&#038;list=RDgFnac2shZa8&#038;start_radio=1&#038;_=1\" \/><a href=\"https:\/\/www.youtube.com\/watch?v=gFnac2shZa8&#038;list=RDgFnac2shZa8&#038;start_radio=1\">https:\/\/www.youtube.com\/watch?v=gFnac2shZa8&#038;list=RDgFnac2shZa8&#038;start_radio=1<\/a><\/video><\/div><\/div><\/div><\/div><div id=\"pg-7-1\"  class=\"panel-grid panel-no-style\" ><div id=\"pgc-7-1-0\"  class=\"panel-grid-cell\" ><div id=\"panel-7-1-0-0\" class=\"so-panel widget widget_sow-editor panel-first-child panel-last-child\" data-index=\"3\" ><div\n\t\t\t\n\t\t\tclass=\"so-widget-sow-editor so-widget-sow-editor-base\"\n\t\t\t\n\t\t><h3 class=\"widget-title\">Dates<\/h3>\n<div class=\"siteorigin-widget-tinymce textwidget\">\n\t<ul>\n<li>S 28\/02\/26 : Villefranche-de-Rouergue (12)<\/li>\n<li>S 23\/05\/26 : Monein (64)<\/li>\n<li>V 24\/07\/26 : La Romieu (32)<\/li>\n<\/ul>\n<\/div>\n<\/div><\/div><\/div><div id=\"pgc-7-1-1\"  class=\"panel-grid-cell\" ><div id=\"panel-7-1-1-0\" class=\"so-panel widget widget_media_image panel-first-child panel-last-child\" data-index=\"4\" ><h3 class=\"widget-title\">Photos et vid\u00e9os<\/h3><a href=\"http:\/\/baltrad.fr\/licotissa\/galerie\/\"><img width=\"300\" height=\"212\" src=\"https:\/\/baltrad.fr\/licotissa\/wp-content\/uploads\/2020\/07\/Licotissa_montageNB-300x212.jpg\" class=\"image wp-image-1142  attachment-medium size-medium\" alt=\"\" decoding=\"async\" loading=\"lazy\" style=\"max-width: 100%; height: auto;\" srcset=\"https:\/\/baltrad.fr\/licotissa\/wp-content\/uploads\/2020\/07\/Licotissa_montageNB-300x212.jpg 300w, https:\/\/baltrad.fr\/licotissa\/wp-content\/uploads\/2020\/07\/Licotissa_montageNB-768x542.jpg 768w, https:\/\/baltrad.fr\/licotissa\/wp-content\/uploads\/2020\/07\/Licotissa_montageNB-1024x723.jpg 1024w\" sizes=\"(max-width: 300px) 100vw, 300px\" \/><\/a><\/div><\/div><div id=\"pgc-7-1-2\"  class=\"panel-grid-cell\" ><div id=\"panel-7-1-2-0\" class=\"so-panel widget widget_sow-editor panel-first-child panel-last-child\" data-index=\"5\" ><div\n\t\t\t\n\t\t\tclass=\"so-widget-sow-editor so-widget-sow-editor-base\"\n\t\t\t\n\t\t><h3 class=\"widget-title\">\u00c9couter<\/h3>\n<div class=\"siteorigin-widget-tinymce textwidget\">\n\t<p>La Hont daurada : scottish (extrait)<\/p>\n<!--[if lt IE 9]><script>document.createElement('audio');<\/script><![endif]-->\n<audio class=\"wp-audio-shortcode\" id=\"audio-7-1\" preload=\"none\" style=\"width: 100%;\" controls=\"controls\"><source type=\"audio\/mpeg\" src=\"http:\/\/baltrad.fr\/licotissa\/wp-content\/uploads\/2020\/07\/Extrait_LaHontDaurada.mp3?_=1\" \/><a href=\"http:\/\/baltrad.fr\/licotissa\/wp-content\/uploads\/2020\/07\/Extrait_LaHontDaurada.mp3\">http:\/\/baltrad.fr\/licotissa\/wp-content\/uploads\/2020\/07\/Extrait_LaHontDaurada.mp3<\/a><\/audio>\n<p>&nbsp;<\/p>\n<p>Lhevem-nos ! : valse (extrait)<\/p>\n<audio class=\"wp-audio-shortcode\" id=\"audio-7-2\" preload=\"none\" style=\"width: 100%;\" controls=\"controls\"><source type=\"audio\/mpeg\" src=\"http:\/\/baltrad.fr\/licotissa\/wp-content\/uploads\/2020\/07\/Extrait_Lhevem-nos.mp3?_=2\" \/><a href=\"http:\/\/baltrad.fr\/licotissa\/wp-content\/uploads\/2020\/07\/Extrait_Lhevem-nos.mp3\">http:\/\/baltrad.fr\/licotissa\/wp-content\/uploads\/2020\/07\/Extrait_Lhevem-nos.mp3<\/a><\/audio>\n<p>&nbsp;<\/p>\n<p>Marmelada rubarba-gengibre : mazurka (extrait)<\/p>\n<audio class=\"wp-audio-shortcode\" id=\"audio-7-3\" preload=\"none\" style=\"width: 100%;\" controls=\"controls\"><source type=\"audio\/mpeg\" src=\"http:\/\/baltrad.fr\/licotissa\/wp-content\/uploads\/2020\/07\/Extrait_Marmelada.mp3?_=3\" \/><a href=\"http:\/\/baltrad.fr\/licotissa\/wp-content\/uploads\/2020\/07\/Extrait_Marmelada.mp3\">http:\/\/baltrad.fr\/licotissa\/wp-content\/uploads\/2020\/07\/Extrait_Marmelada.mp3<\/a><\/audio>\n<p>&nbsp;<br \/>\n<a href=\"http:\/\/baltrad.fr\/licotissa\/ecouter\/\">&gt;&gt; Aller sur la page \u00c9couter<\/a><\/p>\n<\/div>\n<\/div><\/div><\/div><\/div><\/div>","protected":false},"excerpt":{"rendered":"<p>Licotissa (gourmandise en gascon), c&rsquo;est un duo ancr\u00e9 en terre gasconne dont le p\u00e9ch\u00e9 mignon est la musique \u00e0 danser. Avant tout friandes des diverses formes de rondeaux, Mathilde et Anne-Lise se d\u00e9lectent aussi volontiers d&rsquo;autres danses, qu&rsquo;elles soient de Gascogne ou d&rsquo;ailleurs. En guise de friandises, elles vous feront partager leur r\u00e9pertoire alliant tradition [&hellip;]<\/p>\n","protected":false},"author":1,"featured_media":0,"parent":0,"menu_order":0,"comment_status":"closed","ping_status":"closed","template":"page-templates\/full-width-page.php","meta":[],"_links":{"self":[{"href":"https:\/\/baltrad.fr\/licotissa\/wp-json\/wp\/v2\/pages\/7"}],"collection":[{"href":"https:\/\/baltrad.fr\/licotissa\/wp-json\/wp\/v2\/pages"}],"about":[{"href":"https:\/\/baltrad.fr\/licotissa\/wp-json\/wp\/v2\/types\/page"}],"author":[{"embeddable":true,"href":"https:\/\/baltrad.fr\/licotissa\/wp-json\/wp\/v2\/users\/1"}],"replies":[{"embeddable":true,"href":"https:\/\/baltrad.fr\/licotissa\/wp-json\/wp\/v2\/comments?post=7"}],"version-history":[{"count":196,"href":"https:\/\/baltrad.fr\/licotissa\/wp-json\/wp\/v2\/pages\/7\/revisions"}],"predecessor-version":[{"id":1425,"href":"https:\/\/baltrad.fr\/licotissa\/wp-json\/wp\/v2\/pages\/7\/revisions\/1425"}],"wp:attachment":[{"href":"https:\/\/baltrad.fr\/licotissa\/wp-json\/wp\/v2\/media?parent=7"}],"curies":[{"name":"wp","href":"https:\/\/api.w.org\/{rel}","templated":true}]}}